{"id":3753,"date":"2021-07-28T16:17:19","date_gmt":"2021-07-28T16:17:19","guid":{"rendered":"https:\/\/detempsantan.com\/biography\/"},"modified":"2026-02-10T15:03:21","modified_gmt":"2026-02-10T20:03:21","slug":"biography","status":"publish","type":"page","link":"https:\/\/detempsantan.com\/en\/biography\/","title":{"rendered":"Biography"},"content":{"rendered":"\t\t<div data-elementor-type=\"wp-page\" data-elementor-id=\"3753\" class=\"elementor elementor-3753 elementor-2291\" data-elementor-post-type=\"page\">\n\t\t\t\t\t\t<section class=\"elementor-section elementor-top-section elementor-element elementor-element-2c8cc1c9 elementor-section-full_width elementor-section-height-min-height elementor-section-stretched elementor-section-height-default elementor-section-items-middle\" data-id=\"2c8cc1c9\" data-element_type=\"section\" data-e-type=\"section\" data-settings=\"{&quot;stretch_section&quot;:&quot;section-stretched&quot;,&quot;background_background&quot;:&quot;slideshow&quot;,&quot;background_slideshow_gallery&quot;:[{&quot;id&quot;:4952,&quot;url&quot;:&quot;https:\\\/\\\/detempsantan.com\\\/wp-content\\\/uploads\\\/2024\\\/06\\\/De-Temps-Antan-Folkore-photo-8996-\\u00a9MACAM.jpg&quot;}],&quot;background_slideshow_loop&quot;:&quot;yes&quot;,&quot;background_slideshow_slide_duration&quot;:5000,&quot;background_slideshow_slide_transition&quot;:&quot;fade&quot;,&quot;background_slideshow_transition_duration&quot;:500}\">\n\t\t\t\t\t\t\t<div class=\"elementor-background-overlay\"><\/div>\n\t\t\t\t\t\t\t<div class=\"elementor-container elementor-column-gap-default\">\n\t\t\t\t\t<div class=\"elementor-column elementor-col-100 elementor-top-column elementor-element elementor-element-588e3e9f\" data-id=\"588e3e9f\" data-element_type=\"column\" data-e-type=\"column\">\n\t\t\t<div class=\"elementor-widget-wrap elementor-element-populated\">\n\t\t\t\t\t\t<section class=\"elementor-section elementor-inner-section elementor-element elementor-element-39dc7b6 elementor-section-boxed elementor-section-height-default elementor-section-height-default\" data-id=\"39dc7b6\" data-element_type=\"section\" data-e-type=\"section\">\n\t\t\t\t\t\t<div class=\"elementor-container elementor-column-gap-default\">\n\t\t\t\t\t<div class=\"elementor-column elementor-col-50 elementor-inner-column elementor-element elementor-element-2c52511\" data-id=\"2c52511\" data-element_type=\"column\" data-e-type=\"column\">\n\t\t\t<div class=\"elementor-widget-wrap elementor-element-populated\">\n\t\t\t\t\t\t<div class=\"elementor-element elementor-element-3ebc79b5 elementor-widget elementor-widget-heading\" data-id=\"3ebc79b5\" data-element_type=\"widget\" data-e-type=\"widget\" data-widget_type=\"heading.default\">\n\t\t\t\t<div class=\"elementor-widget-container\">\n\t\t\t\t\t<h1 class=\"elementor-heading-title elementor-size-default\">Bio<br>graphy<\/h1>\t\t\t\t<\/div>\n\t\t\t\t<\/div>\n\t\t\t\t\t<\/div>\n\t\t<\/div>\n\t\t\t\t<div class=\"elementor-column elementor-col-50 elementor-inner-column elementor-element elementor-element-a596db6\" data-id=\"a596db6\" data-element_type=\"column\" data-e-type=\"column\">\n\t\t\t<div class=\"elementor-widget-wrap elementor-element-populated\">\n\t\t\t\t\t\t<div class=\"elementor-element elementor-element-6d0b6b6 elementor-widget elementor-widget-text-editor\" data-id=\"6d0b6b6\" data-element_type=\"widget\" data-e-type=\"widget\" data-widget_type=\"text-editor.default\">\n\t\t\t\t<div class=\"elementor-widget-container\">\n\t\t\t\t\t\t\t\t\t<p>It takes a special blend of musical flair to create memorable songs of yesteryear! Songs with a hint of contemporary\u2014dosed with uncontrolled laughter, deep-rooted couplets and sudden, impromptu shifts\u2014that speak to familiar rhythms of the past. Welcome to the original musical stylings of <strong><a href=\"https:\/\/fr.wikipedia.org\/wiki\/De_Temps_Antan\" target=\"_blank\" rel=\"noopener\">De Temps Antan<\/a><\/strong>!<\/p>\n<p>\u00c9ric Beaudry, David Boulanger and Pierre-Luc Dupuis have been exploring and performing time-honoured melodies from the stomping grounds of Quebec\u2019s musical past. Using fiddle, accordion, harmonica, guitar, bouzouki and a number of other instruments, our three virtuosos blend boundless energy with the unmistakable joie de vivre found only in traditional Quebec music. In fact, the only thing missing from this magnificent musical blend is you! So come enjoy an evening unlike any other with De Temps Antan. <\/p>\n\t\t\t\t\t\t\t\t<\/div>\n\t\t\t\t<\/div>\n\t\t\t\t\t<\/div>\n\t\t<\/div>\n\t\t\t\t\t<\/div>\n\t\t<\/section>\n\t\t\t\t\t<\/div>\n\t\t<\/div>\n\t\t\t\t\t<\/div>\n\t\t<\/section>\n\t\t\t\t<section class=\"elementor-section elementor-top-section elementor-element elementor-element-396fda5 elementor-section-stretched elementor-section-boxed elementor-section-height-default elementor-section-height-default\" data-id=\"396fda5\" data-element_type=\"section\" data-e-type=\"section\" data-settings=\"{&quot;stretch_section&quot;:&quot;section-stretched&quot;}\">\n\t\t\t\t\t\t<div class=\"elementor-container elementor-column-gap-default\">\n\t\t\t\t\t<div class=\"elementor-column elementor-col-50 elementor-top-column elementor-element elementor-element-1663d90\" data-id=\"1663d90\" data-element_type=\"column\" data-e-type=\"column\">\n\t\t\t<div class=\"elementor-widget-wrap elementor-element-populated\">\n\t\t\t\t\t\t<div class=\"elementor-element elementor-element-769ab69 elementor-widget elementor-widget-image\" data-id=\"769ab69\" data-element_type=\"widget\" data-e-type=\"widget\" data-widget_type=\"image.default\">\n\t\t\t\t<div class=\"elementor-widget-container\">\n\t\t\t\t\t\t\t\t\t\t\t\t\t\t\t\t<a href=\"https:\/\/detempsantan.com\/wp-content\/uploads\/2021\/06\/DTA2021-0357-Eric.jpg\" data-elementor-open-lightbox=\"yes\" data-elementor-lightbox-title=\"DTA2021-0357-Eric\" data-e-action-hash=\"#elementor-action%3Aaction%3Dlightbox%26settings%3DeyJpZCI6MzMxMCwidXJsIjoiaHR0cHM6XC9cL2RldGVtcHNhbnRhbi5jb21cL3dwLWNvbnRlbnRcL3VwbG9hZHNcLzIwMjFcLzA2XC9EVEEyMDIxLTAzNTctRXJpYy5qcGcifQ%3D%3D\">\n\t\t\t\t\t\t\t<img fetchpriority=\"high\" decoding=\"async\" width=\"768\" height=\"1152\" src=\"https:\/\/detempsantan.com\/wp-content\/uploads\/2021\/06\/DTA2021-0357-Eric-768x1152.jpg\" class=\"attachment-medium_large size-medium_large wp-image-3310\" alt=\"\" srcset=\"https:\/\/detempsantan.com\/wp-content\/uploads\/2021\/06\/DTA2021-0357-Eric-768x1152.jpg 768w, https:\/\/detempsantan.com\/wp-content\/uploads\/2021\/06\/DTA2021-0357-Eric-200x300.jpg 200w, https:\/\/detempsantan.com\/wp-content\/uploads\/2021\/06\/DTA2021-0357-Eric-683x1024.jpg 683w, https:\/\/detempsantan.com\/wp-content\/uploads\/2021\/06\/DTA2021-0357-Eric.jpg 800w\" sizes=\"(max-width: 768px) 100vw, 768px\" title=\"\">\t\t\t\t\t\t\t\t<\/a>\n\t\t\t\t\t\t\t\t\t\t\t\t\t\t\t<\/div>\n\t\t\t\t<\/div>\n\t\t\t\t\t<\/div>\n\t\t<\/div>\n\t\t\t\t<div class=\"elementor-column elementor-col-50 elementor-top-column elementor-element elementor-element-0be50fe\" data-id=\"0be50fe\" data-element_type=\"column\" data-e-type=\"column\">\n\t\t\t<div class=\"elementor-widget-wrap elementor-element-populated\">\n\t\t\t\t\t\t<div class=\"elementor-element elementor-element-2beb0513 elementor-widget elementor-widget-heading\" data-id=\"2beb0513\" data-element_type=\"widget\" data-e-type=\"widget\" data-widget_type=\"heading.default\">\n\t\t\t\t<div class=\"elementor-widget-container\">\n\t\t\t\t\t<h2 class=\"elementor-heading-title elementor-size-default\">\u00c9ric Beaudry<\/h2>\t\t\t\t<\/div>\n\t\t\t\t<\/div>\n\t\t\t\t<div class=\"elementor-element elementor-element-ac3f942 elementor-widget-divider--view-line elementor-widget elementor-widget-divider\" data-id=\"ac3f942\" data-element_type=\"widget\" data-e-type=\"widget\" data-widget_type=\"divider.default\">\n\t\t\t\t<div class=\"elementor-widget-container\">\n\t\t\t\t\t\t\t<div class=\"elementor-divider\">\n\t\t\t<span class=\"elementor-divider-separator\">\n\t\t\t\t\t\t<\/span>\n\t\t<\/div>\n\t\t\t\t\t\t<\/div>\n\t\t\t\t<\/div>\n\t\t\t\t<div class=\"elementor-element elementor-element-b2f8d9b e-grid-align-left elementor-shape-rounded elementor-grid-0 elementor-widget elementor-widget-social-icons\" data-id=\"b2f8d9b\" data-element_type=\"widget\" data-e-type=\"widget\" data-widget_type=\"social-icons.default\">\n\t\t\t\t<div class=\"elementor-widget-container\">\n\t\t\t\t\t\t\t<div class=\"elementor-social-icons-wrapper elementor-grid\">\n\t\t\t\t\t\t\t<span class=\"elementor-grid-item\">\n\t\t\t\t\t<a class=\"elementor-icon elementor-social-icon elementor-social-icon-facebook elementor-animation-grow elementor-repeater-item-a0ca27c\" href=\"https:\/\/www.facebook.com\/ebeaudry1\" target=\"_blank\" rel=\"noopener\">\n\t\t\t\t\t\t<span class=\"elementor-screen-only\">Facebook<\/span>\n\t\t\t\t\t\t<i aria-hidden=\"true\" class=\"fab fa-facebook\"><\/i>\t\t\t\t\t<\/a>\n\t\t\t\t<\/span>\n\t\t\t\t\t<\/div>\n\t\t\t\t\t\t<\/div>\n\t\t\t\t<\/div>\n\t\t\t\t<div class=\"elementor-element elementor-element-f6a937a elementor-widget elementor-widget-text-editor\" data-id=\"f6a937a\" data-element_type=\"widget\" data-e-type=\"widget\" data-widget_type=\"text-editor.default\">\n\t\t\t\t<div class=\"elementor-widget-container\">\n\t\t\t\t\t\t\t\t\t<p>\u00c9ric was first exposed to traditional Quebec music in Saint-C\u00f4me, a village in Quebec\u2019s Lanaudi\u00e8re region. Raised by a family entrenched in music, he began singing and playing guitar at the age of 10. In 1992, he unleashed his musical ambitions on local audiences by founding La Galvaude, followed-up later by Ni Sarpe Ni Branche and Norouet. <\/p>\n<p>\u00c9ric\u2019s passion for music also helped foster an interest in song, which led to several awards including a 2002 Prix Mn\u00e9mo for his role in producing the album Musique gasp\u00e9sienne, featuring violinist \u00c9douard Richard. In 2003, hot on the heels of this success, \u00c9ric became a member of La Bottine Souriante.  <\/p>\n<p>\u00c9ric\u2019s love of music also spurred a passion for enlightening others and, following the completion of a Bachelor of Arts in pop guitar and jazz, \u00c9ric began teaching traditional music at Joliette\u2019s CEGEP r\u00e9gional de Lanaudi\u00e8re in 2002. Wherever he performs, \u00c9ric\u2019s rich vocal range and unquestionable talent on stringed instruments\u2014guitar, mandolin and bouzouki\u2014guarantee a rousing performance for all.<\/p><\/p>\n\t\t\t\t\t\t\t\t<\/div>\n\t\t\t\t<\/div>\n\t\t\t\t\t<\/div>\n\t\t<\/div>\n\t\t\t\t\t<\/div>\n\t\t<\/section>\n\t\t\t\t<section class=\"elementor-section elementor-top-section elementor-element elementor-element-62de545 elementor-section-stretched elementor-section-boxed elementor-section-height-default elementor-section-height-default\" data-id=\"62de545\" data-element_type=\"section\" data-e-type=\"section\" data-settings=\"{&quot;stretch_section&quot;:&quot;section-stretched&quot;}\">\n\t\t\t\t\t\t<div class=\"elementor-container elementor-column-gap-default\">\n\t\t\t\t\t<div class=\"elementor-column elementor-col-50 elementor-top-column elementor-element elementor-element-9a411f6\" data-id=\"9a411f6\" data-element_type=\"column\" data-e-type=\"column\">\n\t\t\t<div class=\"elementor-widget-wrap elementor-element-populated\">\n\t\t\t\t\t\t<div class=\"elementor-element elementor-element-e8b47e2 elementor-widget elementor-widget-image\" data-id=\"e8b47e2\" data-element_type=\"widget\" data-e-type=\"widget\" data-widget_type=\"image.default\">\n\t\t\t\t<div class=\"elementor-widget-container\">\n\t\t\t\t\t\t\t\t\t\t\t\t\t\t\t\t<a href=\"https:\/\/detempsantan.com\/wp-content\/uploads\/2021\/06\/DTA2021-0308-David.jpg\" data-elementor-open-lightbox=\"yes\" data-elementor-lightbox-title=\"DTA2021-0308-David\" data-e-action-hash=\"#elementor-action%3Aaction%3Dlightbox%26settings%3DeyJpZCI6MzMxNiwidXJsIjoiaHR0cHM6XC9cL2RldGVtcHNhbnRhbi5jb21cL3dwLWNvbnRlbnRcL3VwbG9hZHNcLzIwMjFcLzA2XC9EVEEyMDIxLTAzMDgtRGF2aWQuanBnIn0%3D\">\n\t\t\t\t\t\t\t<img decoding=\"async\" width=\"768\" height=\"1152\" src=\"https:\/\/detempsantan.com\/wp-content\/uploads\/2021\/06\/DTA2021-0308-David-768x1152.jpg\" class=\"attachment-medium_large size-medium_large wp-image-3316\" alt=\"\" srcset=\"https:\/\/detempsantan.com\/wp-content\/uploads\/2021\/06\/DTA2021-0308-David-768x1152.jpg 768w, https:\/\/detempsantan.com\/wp-content\/uploads\/2021\/06\/DTA2021-0308-David-200x300.jpg 200w, https:\/\/detempsantan.com\/wp-content\/uploads\/2021\/06\/DTA2021-0308-David-683x1024.jpg 683w, https:\/\/detempsantan.com\/wp-content\/uploads\/2021\/06\/DTA2021-0308-David.jpg 800w\" sizes=\"(max-width: 768px) 100vw, 768px\" title=\"\">\t\t\t\t\t\t\t\t<\/a>\n\t\t\t\t\t\t\t\t\t\t\t\t\t\t\t<\/div>\n\t\t\t\t<\/div>\n\t\t\t\t\t<\/div>\n\t\t<\/div>\n\t\t\t\t<div class=\"elementor-column elementor-col-50 elementor-top-column elementor-element elementor-element-dee03d5\" data-id=\"dee03d5\" data-element_type=\"column\" data-e-type=\"column\">\n\t\t\t<div class=\"elementor-widget-wrap elementor-element-populated\">\n\t\t\t\t\t\t<div class=\"elementor-element elementor-element-78526a9 elementor-widget elementor-widget-heading\" data-id=\"78526a9\" data-element_type=\"widget\" data-e-type=\"widget\" data-widget_type=\"heading.default\">\n\t\t\t\t<div class=\"elementor-widget-container\">\n\t\t\t\t\t<h2 class=\"elementor-heading-title elementor-size-default\"><a href=\"https:\/\/www.facebook.com\/david.boulanger.33\" target=\"_blank\" rel=\"noopener\">David Boulanger<\/a><\/h2>\t\t\t\t<\/div>\n\t\t\t\t<\/div>\n\t\t\t\t<div class=\"elementor-element elementor-element-fd58beb elementor-widget-divider--view-line elementor-widget elementor-widget-divider\" data-id=\"fd58beb\" data-element_type=\"widget\" data-e-type=\"widget\" data-widget_type=\"divider.default\">\n\t\t\t\t<div class=\"elementor-widget-container\">\n\t\t\t\t\t\t\t<div class=\"elementor-divider\">\n\t\t\t<span class=\"elementor-divider-separator\">\n\t\t\t\t\t\t<\/span>\n\t\t<\/div>\n\t\t\t\t\t\t<\/div>\n\t\t\t\t<\/div>\n\t\t\t\t<div class=\"elementor-element elementor-element-d363dd7 e-grid-align-left elementor-shape-rounded elementor-grid-0 elementor-widget elementor-widget-social-icons\" data-id=\"d363dd7\" data-element_type=\"widget\" data-e-type=\"widget\" data-widget_type=\"social-icons.default\">\n\t\t\t\t<div class=\"elementor-widget-container\">\n\t\t\t\t\t\t\t<div class=\"elementor-social-icons-wrapper elementor-grid\">\n\t\t\t\t\t\t\t<span class=\"elementor-grid-item\">\n\t\t\t\t\t<a class=\"elementor-icon elementor-social-icon elementor-social-icon-facebook elementor-animation-grow elementor-repeater-item-a0ca27c\" href=\"https:\/\/www.facebook.com\/ebeaudry1\" target=\"_blank\" rel=\"noopener\">\n\t\t\t\t\t\t<span class=\"elementor-screen-only\">Facebook<\/span>\n\t\t\t\t\t\t<i aria-hidden=\"true\" class=\"fab fa-facebook\"><\/i>\t\t\t\t\t<\/a>\n\t\t\t\t<\/span>\n\t\t\t\t\t<\/div>\n\t\t\t\t\t\t<\/div>\n\t\t\t\t<\/div>\n\t\t\t\t<div class=\"elementor-element elementor-element-789badf elementor-widget elementor-widget-text-editor\" data-id=\"789badf\" data-element_type=\"widget\" data-e-type=\"widget\" data-widget_type=\"text-editor.default\">\n\t\t\t\t<div class=\"elementor-widget-container\">\n\t\t\t\t\t\t\t\t\t<p>Born in Saint-Hubert, in Mont\u00e9r\u00e9gie, David starts to play the violin at eight years old. It is during his teenage years that he finds a passion for Qu\u00e9bec traditional music. <\/p>\n<p>Always increasing, this passion leads David on the big professional stages at the beginning of his 20s with La Part du Qu\u00eateux, a band with which he records two album including one that was rewarded as \u00ab Best Album \u2013 Traditional \u00bb at the Canadian Folk Music Awards.  Later, he joins the epic Qu\u00e9bec trad big band La Bottine Souriante, the two international projects Maja &amp; David and COEFF 4 and recently, he gathers with his long time friends in De Temps Antan. <\/p>\n<p>David is also acknowledged for his music composition that can be heard in \u00ab Timber! \u00bb from Cirque Alfonse and for the original sound track of \u00ab Quand ferme l\u2019Usine \u00bb, a movie from the director Simon Rodrigue. Being a true passionate about Qu\u00e9bec traditional music, and wanting to share his knowledge about it, he caries a unique repertoire that one can hear wherever David goes.<\/p>\n\t\t\t\t\t\t\t\t<\/div>\n\t\t\t\t<\/div>\n\t\t\t\t\t<\/div>\n\t\t<\/div>\n\t\t\t\t\t<\/div>\n\t\t<\/section>\n\t\t\t\t<section class=\"elementor-section elementor-top-section elementor-element elementor-element-082e246 elementor-section-stretched elementor-section-boxed elementor-section-height-default elementor-section-height-default\" data-id=\"082e246\" data-element_type=\"section\" data-e-type=\"section\" data-settings=\"{&quot;stretch_section&quot;:&quot;section-stretched&quot;}\">\n\t\t\t\t\t\t<div class=\"elementor-container elementor-column-gap-default\">\n\t\t\t\t\t<div class=\"elementor-column elementor-col-50 elementor-top-column elementor-element elementor-element-93ff0bb\" data-id=\"93ff0bb\" data-element_type=\"column\" data-e-type=\"column\">\n\t\t\t<div class=\"elementor-widget-wrap elementor-element-populated\">\n\t\t\t\t\t\t<div class=\"elementor-element elementor-element-7cd51bc elementor-widget elementor-widget-image\" data-id=\"7cd51bc\" data-element_type=\"widget\" data-e-type=\"widget\" data-widget_type=\"image.default\">\n\t\t\t\t<div class=\"elementor-widget-container\">\n\t\t\t\t\t\t\t\t\t\t\t\t\t\t\t\t<a href=\"https:\/\/detempsantan.com\/wp-content\/uploads\/2021\/06\/DTA2021-0384-Pierre-Luc.jpg\" data-elementor-open-lightbox=\"yes\" data-elementor-lightbox-title=\"DTA2021-0384-Pierre-Luc\" data-e-action-hash=\"#elementor-action%3Aaction%3Dlightbox%26settings%3DeyJpZCI6MzMxMiwidXJsIjoiaHR0cHM6XC9cL2RldGVtcHNhbnRhbi5jb21cL3dwLWNvbnRlbnRcL3VwbG9hZHNcLzIwMjFcLzA2XC9EVEEyMDIxLTAzODQtUGllcnJlLUx1Yy5qcGcifQ%3D%3D\">\n\t\t\t\t\t\t\t<img decoding=\"async\" width=\"768\" height=\"1152\" src=\"https:\/\/detempsantan.com\/wp-content\/uploads\/2021\/06\/DTA2021-0384-Pierre-Luc-768x1152.jpg\" class=\"attachment-medium_large size-medium_large wp-image-3312\" alt=\"\" srcset=\"https:\/\/detempsantan.com\/wp-content\/uploads\/2021\/06\/DTA2021-0384-Pierre-Luc-768x1152.jpg 768w, https:\/\/detempsantan.com\/wp-content\/uploads\/2021\/06\/DTA2021-0384-Pierre-Luc-200x300.jpg 200w, https:\/\/detempsantan.com\/wp-content\/uploads\/2021\/06\/DTA2021-0384-Pierre-Luc-683x1024.jpg 683w, https:\/\/detempsantan.com\/wp-content\/uploads\/2021\/06\/DTA2021-0384-Pierre-Luc.jpg 800w\" sizes=\"(max-width: 768px) 100vw, 768px\" title=\"\">\t\t\t\t\t\t\t\t<\/a>\n\t\t\t\t\t\t\t\t\t\t\t\t\t\t\t<\/div>\n\t\t\t\t<\/div>\n\t\t\t\t\t<\/div>\n\t\t<\/div>\n\t\t\t\t<div class=\"elementor-column elementor-col-50 elementor-top-column elementor-element elementor-element-11f243f\" data-id=\"11f243f\" data-element_type=\"column\" data-e-type=\"column\">\n\t\t\t<div class=\"elementor-widget-wrap elementor-element-populated\">\n\t\t\t\t\t\t<div class=\"elementor-element elementor-element-6009121 elementor-widget elementor-widget-heading\" data-id=\"6009121\" data-element_type=\"widget\" data-e-type=\"widget\" data-widget_type=\"heading.default\">\n\t\t\t\t<div class=\"elementor-widget-container\">\n\t\t\t\t\t<h2 class=\"elementor-heading-title elementor-size-default\">Pierre-Luc Dupuis<\/h2>\t\t\t\t<\/div>\n\t\t\t\t<\/div>\n\t\t\t\t<div class=\"elementor-element elementor-element-c1ce936 elementor-widget-divider--view-line elementor-widget elementor-widget-divider\" data-id=\"c1ce936\" data-element_type=\"widget\" data-e-type=\"widget\" data-widget_type=\"divider.default\">\n\t\t\t\t<div class=\"elementor-widget-container\">\n\t\t\t\t\t\t\t<div class=\"elementor-divider\">\n\t\t\t<span class=\"elementor-divider-separator\">\n\t\t\t\t\t\t<\/span>\n\t\t<\/div>\n\t\t\t\t\t\t<\/div>\n\t\t\t\t<\/div>\n\t\t\t\t<div class=\"elementor-element elementor-element-1897ef7 elementor-widget elementor-widget-text-editor\" data-id=\"1897ef7\" data-element_type=\"widget\" data-e-type=\"widget\" data-widget_type=\"text-editor.default\">\n\t\t\t\t<div class=\"elementor-widget-container\">\n\t\t\t\t\t\t\t\t\t<p>Pierre-Luc was born in Louiseville, in Quebec\u2019s Mauricie region, and hails from a lineage where traditional music was always at the forefront of daily life. Although he began singing with his family at a very young age, Pierre-Luc was somewhat of a late musical bloomer, taking up the accordion at 18! But what he lacked in experience he made up for in determination. <\/p>\n<p>At 19, he founded Les Langues Fourchures, with whom he recorded his first album in 2001. For the next 4 years, he helped the band pay its dues and make its mark throughout Quebec and, in 2003, he joined La Bottine Souriante, one of the province\u2019s best-known music groups.   <\/p>\n<p>Since then, he\u2019s wowed audiences from Dublin to Porto and Budapest to Melbourne with his unique humour and warmhearted charisma. Since ending his journey with La Bottine Souriante in 2008, Pierre-Luc has devoted himself to his true love \u2014 De Temps Antan. <\/p>\n\t\t\t\t\t\t\t\t<\/div>\n\t\t\t\t<\/div>\n\t\t\t\t\t<\/div>\n\t\t<\/div>\n\t\t\t\t\t<\/div>\n\t\t<\/section>\n\t\t\t\t<section class=\"elementor-section elementor-top-section elementor-element elementor-element-aeba147 elementor-section-stretched elementor-section-boxed elementor-section-height-default elementor-section-height-default\" data-id=\"aeba147\" data-element_type=\"section\" data-e-type=\"section\" data-settings=\"{&quot;stretch_section&quot;:&quot;section-stretched&quot;}\">\n\t\t\t\t\t\t<div class=\"elementor-container elementor-column-gap-default\">\n\t\t\t\t\t<div class=\"elementor-column elementor-col-100 elementor-top-column elementor-element elementor-element-65e8329\" data-id=\"65e8329\" data-element_type=\"column\" data-e-type=\"column\">\n\t\t\t<div class=\"elementor-widget-wrap elementor-element-populated\">\n\t\t\t\t\t\t<div class=\"elementor-element elementor-element-b59916f elementor-widget elementor-widget-spacer\" data-id=\"b59916f\" data-element_type=\"widget\" data-e-type=\"widget\" data-widget_type=\"spacer.default\">\n\t\t\t\t<div class=\"elementor-widget-container\">\n\t\t\t\t\t\t\t<div class=\"elementor-spacer\">\n\t\t\t<div class=\"elementor-spacer-inner\"><\/div>\n\t\t<\/div>\n\t\t\t\t\t\t<\/div>\n\t\t\t\t<\/div>\n\t\t\t\t\t<\/div>\n\t\t<\/div>\n\t\t\t\t\t<\/div>\n\t\t<\/section>\n\t\t\t\t<\/div>\n\t\t","protected":false},"excerpt":{"rendered":"<p>Biography It takes a special blend of musical flair to create memorable songs of yesteryear! Songs with a hint of contemporary\u2014dosed with uncontrolled laughter, deep-rooted couplets and sudden, impromptu shifts\u2014that speak to familiar rhythms of the past. Welcome to the original musical stylings of De Temps Antan! \u00c9ric Beaudry, David Boulanger and Pierre-Luc Dupuis have [&hellip;]<\/p>\n","protected":false},"author":4,"featured_media":0,"parent":0,"menu_order":0,"comment_status":"closed","ping_status":"closed","template":"","meta":{"site-sidebar-layout":"no-sidebar","site-content-layout":"plain-container","ast-site-content-layout":"default","site-content-style":"default","site-sidebar-style":"default","ast-global-header-display":"","ast-banner-title-visibility":"","ast-main-header-display":"disabled","ast-hfb-above-header-display":"","ast-hfb-below-header-display":"","ast-hfb-mobile-header-display":"","site-post-title":"disabled","ast-breadcrumbs-content":"disabled","ast-featured-img":"disabled","footer-sml-layout":"disabled","ast-disable-related-posts":"","theme-transparent-header-meta":"disabled","adv-header-id-meta":null,"stick-header-meta":null,"header-above-stick-meta":null,"header-main-stick-meta":null,"header-below-stick-meta":null,"astra-migrate-meta-layouts":"default","ast-page-background-enabled":"default","ast-page-background-meta":{"desktop":{"background-color":"","background-image":"","background-repeat":"repeat","background-position":"center center","background-size":"auto","background-attachment":"scroll","background-type":"","background-media":"","overlay-type":"","overlay-color":"","overlay-opacity":"","overlay-gradient":""},"tablet":{"background-color":"","background-image":"","background-repeat":"repeat","background-position":"center center","background-size":"auto","background-attachment":"scroll","background-type":"","background-media":"","overlay-type":"","overlay-color":"","overlay-opacity":"","overlay-gradient":""},"mobile":{"background-color":"","background-image":"","background-repeat":"repeat","background-position":"center center","background-size":"auto","background-attachment":"scroll","background-type":"","background-media":"","overlay-type":"","overlay-color":"","overlay-opacity":"","overlay-gradient":""}},"ast-content-background-meta":{"desktop":{"background-color":"var(--ast-global-color-5)","background-image":"","background-repeat":"repeat","background-position":"center center","background-size":"auto","background-attachment":"scroll","background-type":"","background-media":"","overlay-type":"","overlay-color":"","overlay-opacity":"","overlay-gradient":""},"tablet":{"background-color":"var(--ast-global-color-5)","background-image":"","background-repeat":"repeat","background-position":"center center","background-size":"auto","background-attachment":"scroll","background-type":"","background-media":"","overlay-type":"","overlay-color":"","overlay-opacity":"","overlay-gradient":""},"mobile":{"background-color":"var(--ast-global-color-5)","background-image":"","background-repeat":"repeat","background-position":"center center","background-size":"auto","background-attachment":"scroll","background-type":"","background-media":"","overlay-type":"","overlay-color":"","overlay-opacity":"","overlay-gradient":""}},"footnotes":""},"class_list":["post-3753","page","type-page","status-publish","hentry"],"_links":{"self":[{"href":"https:\/\/detempsantan.com\/en\/wp-json\/wp\/v2\/pages\/3753","targetHints":{"allow":["GET"]}}],"collection":[{"href":"https:\/\/detempsantan.com\/en\/wp-json\/wp\/v2\/pages"}],"about":[{"href":"https:\/\/detempsantan.com\/en\/wp-json\/wp\/v2\/types\/page"}],"author":[{"embeddable":true,"href":"https:\/\/detempsantan.com\/en\/wp-json\/wp\/v2\/users\/4"}],"replies":[{"embeddable":true,"href":"https:\/\/detempsantan.com\/en\/wp-json\/wp\/v2\/comments?post=3753"}],"version-history":[{"count":2,"href":"https:\/\/detempsantan.com\/en\/wp-json\/wp\/v2\/pages\/3753\/revisions"}],"predecessor-version":[{"id":5107,"href":"https:\/\/detempsantan.com\/en\/wp-json\/wp\/v2\/pages\/3753\/revisions\/5107"}],"wp:attachment":[{"href":"https:\/\/detempsantan.com\/en\/wp-json\/wp\/v2\/media?parent=3753"}],"curies":[{"name":"wp","href":"https:\/\/api.w.org\/{rel}","templated":true}]}}